{"id":3,"date":"2021-11-12T19:12:00","date_gmt":"2021-11-12T19:12:00","guid":{"rendered":"http:\/\/box2095\/cgi\/addon_GT.cgi?s=GT::WP::Install::EIG+%28nvgowvmy%29+-+10.24.48.81+%5BWordpress%3b+\/var\/hp\/common\/lib\/Wordpress.pm%3b+543%3b+Hosting::gap_call%5D\/?page_id=3"},"modified":"2022-12-27T15:30:37","modified_gmt":"2022-12-27T15:30:37","slug":"privacy-policy","status":"publish","type":"page","link":"https:\/\/anybodygermany.org\/?page_id=3","title":{"rendered":"Privacy Policy"},"content":{"rendered":"<p>[et_pb_section fb_built=&#8220;1&#8243; _builder_version=&#8220;4.16&#8243; global_colors_info=&#8220;{}&#8220;][et_pb_row _builder_version=&#8220;4.16&#8243; background_size=&#8220;initial&#8220; background_position=&#8220;top_left&#8220; background_repeat=&#8220;repeat&#8220; global_colors_info=&#8220;{}&#8220;][et_pb_column type=&#8220;4_4&#8243; _builder_version=&#8220;4.16&#8243; custom_padding=&#8220;|||&#8220; global_colors_info=&#8220;{}&#8220; custom_padding__hover=&#8220;|||&#8220;][et_pb_text _builder_version=&#8220;4.16&#8243; background_size=&#8220;initial&#8220; background_position=&#8220;top_left&#8220; background_repeat=&#8220;repeat&#8220; global_colors_info=&#8220;{}&#8220;]<\/p>\n<p>&nbsp;<\/p>\n<p>&nbsp;<\/p>\n<h1><span style=\"font-weight: 400;\">Impressum\u00a0<\/span><\/h1>\n<p><span style=\"font-weight: 400;\">AnyBody Germany<\/span><span style=\"font-weight: 400;\"><br \/><\/span><span style=\"font-weight: 400;\">kontakt@anybodydeutschland.de<\/span><\/p>\n<p><b>Hinweis zum Verbraucherstreitbeilegungsgesetz:<\/b><\/p>\n<p><span style=\"font-weight: 400;\">AnyBody Germany nimmt an einem Streitbeilegungsverfahren nach dem Verbraucherstreitbeilegungsgesetz nicht teil.<\/span><\/p>\n<h1><span style=\"font-weight: 400;\"><\/span><\/h1>\n<h1><span style=\"font-weight: 400;\">Datenschutz<\/span><\/h1>\n<p><span style=\"font-weight: 400;\">Verantwortlich gem. Art. 4 Abs. 7 DSGVO: AnyBody Germany<\/span><\/p>\n<p><span style=\"font-weight: 400;\">Kontakt: <\/span><span style=\"font-weight: 400;\">kontakt@anybodydeutschland.de<\/span><\/p>\n<p><b>Bestehende Datenschutzrechte betroffener Personen<\/b><\/p>\n<p><span style=\"font-size: 14px;\">Jede betroffene Person hat die folgenden Datenschutzrechte nach der DSGVO und dem BDSG-neu. Bitte wenden Sie sich zur Inanspruchnahme der aufgef\u00fchrten Rechte an den o.g. Kontakt.<\/span><\/p>\n<ol>\n<li><span style=\"font-weight: 400;\">a) Recht auf Auskunft nach Art. 15 DSGVO<\/span><\/li>\n<\/ol>\n<p><span style=\"font-weight: 400;\">Sie haben das Recht, von dem Verantwortlichen eine Best\u00e4tigung dar\u00fcber zu verlangen, ob Ihre personenbezogenen Daten verarbeitet werden; ist dies der Fall, so haben Sie ein Recht auf Auskunft \u00fcber diese personenbezogenen Daten und auf folgende Informationen: die Verarbeitungszwecke; die Kategorien personenbezogener Daten, die verarbeitet werden; die Empf\u00e4nger oder Kategorien von Empf\u00e4ngern, gegen\u00fcber denen Ihre personenbezogenen Daten offengelegt worden sind oder noch offengelegt werden; falls m\u00f6glich die geplante Dauer, f\u00fcr die Ihre personenbezogenen Daten gespeichert werden, oder, falls dies nicht m\u00f6glich ist, die Kriterien f\u00fcr die Festlegung dieser Dauer; wenn Ihre personenbezogenen Daten nicht bei Ihnen erhoben werden, alle verf\u00fcgbaren Informationen \u00fcber die Herkunft der Daten.<\/span><\/p>\n<ol>\n<li><span style=\"font-weight: 400;\">b) Recht zur Berichtigung unrichtiger Daten nach Art. 16 DSGVO<\/span><\/li>\n<\/ol>\n<p><span style=\"font-weight: 400;\">Sie haben das Recht, von dem Verantwortlichen unverz\u00fcglich die Berichtigung Sie betreffender unrichtiger personenbezogener Daten zu verlangen. Unter Ber\u00fccksichtigung der o.g. Zwecke der Verarbeitung haben Sie das Recht, die Vervollst\u00e4ndigung unvollst\u00e4ndiger personenbezogener Daten \u2013 auch mittels einer erg\u00e4nzenden Erkl\u00e4rung \u2013 zu verlangen.<\/span><\/p>\n<ol>\n<li><span style=\"font-weight: 400;\">c) Recht auf L\u00f6schung nach Art. 17 DSGVO<\/span><\/li>\n<\/ol>\n<p><span style=\"font-weight: 400;\">Sie haben das Recht, von dem Verantwortlichen zu verlangen, dass die Sie betreffenden personenbezogenen Daten unverz\u00fcglich gel\u00f6scht werden. An die Stelle einer L\u00f6schung tritt eine Sperrung, soweit einer L\u00f6schung gesetzliche, satzungsm\u00e4\u00dfige oder vertragliche Aufbewahrungsfristen entgegenstehen, Grund zu der Annahme besteht, dass durch eine L\u00f6schung schutzw\u00fcrdige Interessen des Betroffenen beeintr\u00e4chtigt w\u00fcrden oder eine L\u00f6schung wegen der besonderen Art der Speicherung nicht oder nur mit unverh\u00e4ltnism\u00e4\u00dfig hohem Aufwand m\u00f6glich ist.<\/span><\/p>\n<ol>\n<li><span style=\"font-weight: 400;\">d) Recht auf Einschr\u00e4nkung der Verarbeitung nach Art. 18 DSGVO<\/span><\/li>\n<\/ol>\n<p><span style=\"font-weight: 400;\">Sie haben das Recht, von dem Verantwortlichen die Einschr\u00e4nkung der Verarbeitung zu verlangen, wenn Sie die Richtigkeit der personenbezogenen Daten bestreiten; die Verarbeitung unrechtm\u00e4\u00dfig ist und Sie eine L\u00f6schung der Daten ablehnen; der Verantwortliche die personenbezogenen Daten f\u00fcr die o.g. Zwecke der Verarbeitung nicht l\u00e4nger ben\u00f6tigt; Sie Widerspruch gegen die Verarbeitung gem\u00e4\u00df 21 Ab. 1 eingelegt haben und noch nicht feststeht, ob die berechtigten Gr\u00fcnde des Verantwortlichen gegen\u00fcber denen der betroffenen Person \u00fcberwiegen.<\/span><\/p>\n<ol>\n<li><span style=\"font-weight: 400;\">e) Recht auf Daten\u00fcbertragbarkeit nach Art. 20 DSGVO<\/span><\/li>\n<\/ol>\n<p><span style=\"font-weight: 400;\">Sie haben das Recht, eine \u00dcbertragung Ihrer Daten von uns auf eine andere Stelle zu beantragen.<\/span><\/p>\n<ol>\n<li><span style=\"font-weight: 400;\">f) Recht auf Widerspruch nach Art. 21 DSGVO<\/span><\/li>\n<\/ol>\n<p><span style=\"font-weight: 400;\">Sie haben das Recht, Ihre Einwilligung bzgl. der Erhebung von Daten jederzeit zu widerrufen. Dieses Recht gilt mit Wirkung f\u00fcr die Zukunft; die bis zur Rechtkraft des Widerrufs erhobenen Daten bleiben hiervon unber\u00fchrt.<\/span><\/p>\n<ol>\n<li><span style=\"font-weight: 400;\">g) Beschwerderecht bei einer zust\u00e4ndigen Datenschutzaufsichtsbeh\u00f6rde nach Art. 77 DSGVO i.V.m. \u00a7 19 BDSG-neu<\/span><\/li>\n<\/ol>\n<p><span style=\"font-weight: 400;\">Sie haben das Recht, sich bei einer Aufsichtsbeh\u00f6rde bzw. einer zust\u00e4ndigen Stelle zu beschweren, insofern Sie einen Grund zu Beanstandung haben sollten.<\/span><\/p>\n<p><b>Daten\u00fcbermittlung an Dritte<\/b><\/p>\n<p><span style=\"font-weight: 400;\">Eine Weitergabe Ihrer personenbezogenen Daten an Dritte erfolgt nur nach einer erteilten Einwilligung an Kolleg*innen anderer AnyBody-Gruppen unseres internationalen Netzwerkes.<\/span><\/p>\n<p><b>Daten\u00fcbermittlung in Drittstaaten<\/b><\/p>\n<p><span style=\"font-weight: 400;\">Es findet keine Daten\u00fcbermittlung in Drittstaaten statt.<\/span><\/p>\n<p><b>Datenschutz auf dieser Website<\/b><\/p>\n<p><span style=\"font-weight: 400;\">Die Betreiber dieser Seiten nehmen den Schutz Ihrer pers\u00f6nlichen Daten sehr ernst. Wir behandeln Ihre personenbezogenen Daten vertraulich und entsprechend der gesetzlichen Datenschutzvorschriften sowie dieser Datenschutzerkl\u00e4rung. Die Nutzung unserer Webseite ist in der Regel ohne Angabe personenbezogener Daten m\u00f6glich. Soweit auf unseren Seiten personenbezogene Daten (beispielsweise Name, Anschrift oder E-Mail-Adressen) erhoben werden, erfolgt dies, soweit m\u00f6glich, stets auf freiwilliger Basis. Diese Daten werden ohne Ihre ausdr\u00fcckliche Zustimmung nicht an Dritte weitergegeben. Wir weisen darauf hin, dass die Daten\u00fcbertragung im Internet (z.B. bei der Kommunikation per E-Mail) Sicherheitsl\u00fccken aufweisen kann. Ein l\u00fcckenloser Schutz der Daten vor dem Zugriff durch Dritte ist nicht m\u00f6glich.<\/span><\/p>\n<ol>\n<li><span style=\"font-weight: 400;\">a) Nutzung von im Impressum ver\u00f6ffentlichten Kontaktdaten durch Dritte<\/span><\/li>\n<\/ol>\n<p><span style=\"font-weight: 400;\">Die Nutzung von im Rahmen der Impressumspflicht ver\u00f6ffentlichten Kontaktdaten durch Dritte zur \u00dcbersendung von nicht ausdr\u00fccklich angeforderter Werbung und Informationsmaterialien wird hiermit ausdr\u00fccklich widersprochen. Die Betreiber*innen der Seiten behalten sich ausdr\u00fccklich rechtliche Schritte im Falle der unverlangten Zusendung von Werbeinformationen, etwa durch Spam-Mails vor.<\/span><\/p>\n<ol>\n<li><span style=\"font-weight: 400;\">b) Server-Log-Files<\/span><\/li>\n<\/ol>\n<p><span style=\"font-weight: 400;\">Der Provider der Seiten erhebt und speichert automatisch Informationen in sogenannten Server-Log Files, die Ihr Browser automatisch an uns \u00fcbermittelt. Dies sind:<\/span><\/p>\n<ul>\n<li style=\"font-weight: 400;\" aria-level=\"2\"><span style=\"font-weight: 400;\">Browsertyp\/ Browserversion<\/span><\/li>\n<li style=\"font-weight: 400;\" aria-level=\"2\"><span style=\"font-weight: 400;\">verwendetes Betriebssystem<\/span><\/li>\n<li style=\"font-weight: 400;\" aria-level=\"2\"><span style=\"font-weight: 400;\">Referrer URL<\/span><\/li>\n<li style=\"font-weight: 400;\" aria-level=\"2\"><span style=\"font-weight: 400;\">Hostname des zugreifenden Rechners<\/span><\/li>\n<li style=\"font-weight: 400;\" aria-level=\"2\"><span style=\"font-weight: 400;\">Uhrzeit der Serveranfrage<\/span><\/li>\n<\/ul>\n<p><span style=\"font-weight: 400;\">Diese Daten sind nicht bestimmten Personen zuordenbar. Eine Zusammenf\u00fchrung dieser Daten mit anderen Datenquellen wird nicht vorgenommen. Wir behalten uns vor, diese Daten nachtr\u00e4glich zu pr\u00fcfen, wenn uns konkrete Anhaltspunkte f\u00fcr eine rechtswidrige Nutzung bekannt werden. IP-Adressen werden nicht gespeichert.<\/span><\/p>\n<ol>\n<li><span style=\"font-weight: 400;\">c) Datenschutzerkl\u00e4rung f\u00fcr die Nutzung von Facebook, Instagram, Twitter und RSS-Plugins\u00a0<\/span><\/li>\n<\/ol>\n<p><span style=\"font-weight: 400;\">Auf unseren Seiten sind Plugins der o.g. sozialen Netzwerke integriert. Die Plugins erkennen Sie an dem jeweiligen Logo oder dem \u201eLike-Button\u201c (\u201eGef\u00e4llt mir\u201c) auf unserer Seite.\u00a0<\/span><\/p>\n<p><span style=\"font-weight: 400;\">Wenn Sie unsere Seiten besuchen, wird \u00fcber das Plugin eine direkte Verbindung zwischen Ihrem Browser und dem Server des sozialen Netzwerks hergestellt. Dieses erh\u00e4lt dadurch die Information, dass Sie mit Ihrer IP-Adresse unsere Seite besucht haben. Dadurch k\u00f6nnen Facebook, Twitter und Istagram den Besuch unserer Seiten Ihrem Benutzerkonto zuordnen. Wir weisen darauf hin, dass wir als Anbieter der Seiten keine Kenntnis vom Inhalt der \u00fcbermittelten Daten sowie deren Nutzung durch die sozialen Netzwerke erhalten.\u00a0<\/span><\/p>\n<p><span style=\"font-weight: 400;\">Wenn Sie nicht w\u00fcnschen, dass Facebook, Twitter oder Instagram den Besuch unserer Seiten Ihrem jeweiligen Nutzer*innenkonto zuordnen kann, loggen Sie sich bitte aus Ihrem Benutzer*innenkonto aus.<\/span><\/p>\n<ol>\n<li><span style=\"font-weight: 400;\">d) Verwendung von Cookies<\/span><\/li>\n<\/ol>\n<p><span style=\"font-weight: 400;\">Wir verwenden auf unserer Webseite keine Cookies.<\/span><\/p>\n<ol>\n<li><span style=\"font-weight: 400;\">e) Externe Links<\/span><\/li>\n<\/ol>\n<p><span style=\"font-weight: 400;\">Wir verwenden auf unseren Websites Links auf externe Seiten, deren Inhalte sich nicht auf unserem Server befinden. Die externen Inhalte dieser Links wurden beim Setzen der Links gepr\u00fcft. Es kann jedoch nicht ausgeschlossen werden, dass die Inhalte von den jeweiligen Anbietern nachtr\u00e4glich ver\u00e4ndert wurden. Wir erkl\u00e4ren hiermit ausdr\u00fccklich, dass zum Zeitpunkt der Linksetzung die entsprechenden verlinkten Seiten frei von illegalen Inhalten waren. Wir erkl\u00e4ren weiterhin, dass wir keinerlei Einfluss auf die aktuelle und zuk\u00fcnftige Gestaltung und auf die Inhalte der verlinkten Seiten haben. Deshalb distanzieren wir uns hiermit ausdr\u00fccklich von allen Inhalten aller verkn\u00fcpften Seiten, die nach der Linksetzung ver\u00e4ndert wurden. Diese Feststellung gilt f\u00fcr alle innerhalb des eigenen Internetangebotes gesetzten Links und Verweise. Diese Datenschutzerkl\u00e4rung gilt nur f\u00fcr Inhalte auf unseren Servern.<\/span><\/p>\n<ol>\n<li><span style=\"font-weight: 400;\">f) Kontaktformular<\/span><\/li>\n<\/ol>\n<p><span style=\"font-weight: 400;\">Wenn Sie uns per Kontaktformular Anfragen zukommen lassen, werden Ihre Angaben aus dem Anfrageformular inklusive der von Ihnen dort angegebenen Kontaktdaten zwecks Bearbeitung der Anfrage und f\u00fcr den Fall von Anschlussfragen bei uns gespeichert. Diese Daten geben wir nicht ohne Ihre Einwilligung weiter.<\/span><\/p>\n<p><b>WP Statistics<\/b><\/p>\n<p><span style=\"font-weight: 400;\">Diese Webseite nutzt das WordPress Analyse Plugin WP Statistics. Anbieter dieses Plugins ist <\/span><a href=\"http:\/\/wp-statistics.com\/\"><span style=\"font-weight: 400;\">wp-statistics.com<\/span><\/a><span style=\"font-weight: 400;\">. Aus den Daten werden in anonymisierter Form einfache Statistiken erstellt. Dazu werden keine Nutzungsprofile erstellt und auch keine Cookies gesetzt. S\u00e4mtliche von WP Statistics erhobenen Daten werden vollst\u00e4ndig anonymisiert auf diesem Webserver gespeichert. Eine pers\u00f6nliche Identifizierung eines Besuchers ist somit, auch nachtr\u00e4glich, nicht m\u00f6glich<\/span><\/p>\n<p><b>Web Fonts<\/b><\/p>\n<p><span style=\"font-weight: 400;\">Diese Seite nutzt zur einheitlichen Darstellung von Schriftarten so genannte Web Fonts, die von Google bereitgestellt werden. Beim Aufruf einer Seite l\u00e4dt Ihr Browser die ben\u00f6tigten Web Fonts in ihren Browsercache, um Texte und Schriftarten korrekt anzuzeigen.<\/span><\/p>\n<p><span style=\"font-weight: 400;\">Zu diesem Zweck muss der von Ihnen verwendete Browser Verbindung zu den Servern von Google aufnehmen. Hierdurch erlangt Google Kenntnis dar\u00fcber, dass \u00fcber Ihre IP-Adresse unsere Website aufgerufen wurde. Die Nutzung von Google Web Fonts erfolgt im Interesse einer einheitlichen und ansprechenden Darstellung unserer Online-Angebote. Dies stellt ein berechtigtes Interesse im Sinne von \u00a7 6 Ziff. 4 DSG-EKD dar.<\/span><\/p>\n<p><span style=\"font-weight: 400;\">Wenn Ihr Browser Web Fonts nicht unterst\u00fctzt, wird eine Standardschrift von Ihrem Computer genutzt.<\/span><\/p>\n<p><span style=\"font-weight: 400;\">Weitere Informationen zu Google Web Fonts finden Sie unter <\/span><a href=\"https:\/\/developers.google.com\/fonts\/faq\"><span style=\"font-weight: 400;\">https:\/\/developers.google.com\/fonts\/faq<\/span><\/a><span style=\"font-weight: 400;\">und in der Datenschutzerkl\u00e4rung von Google:<\/span><a href=\"https:\/\/www.google.com\/policies\/privacy\/\"><span style=\"font-weight: 400;\">https:\/\/www.google.com\/policies\/privacy\/<\/span><\/a><\/p>\n<p>&nbsp;<\/p>\n<p>&nbsp;<\/p>\n<p>[\/et_pb_text][\/et_pb_column][\/et_pb_row][\/et_pb_section]<\/p>\n","protected":false},"excerpt":{"rendered":"<p>&nbsp; &nbsp; Impressum\u00a0 AnyBody Germanykontakt@anybodydeutschland.de Hinweis zum Verbraucherstreitbeilegungsgesetz: AnyBody Germany nimmt an einem Streitbeilegungsverfahren nach dem Verbraucherstreitbeilegungsgesetz nicht teil. Datenschutz Verantwortlich gem. Art. 4 Abs. 7 DSGVO: AnyBody Germany Kontakt: kontakt@anybodydeutschland.de Bestehende Datenschutzrechte betroffener Personen Jede betroffene Person hat die folgenden Datenschutzrechte nach der DSGVO und dem BDSG-neu. Bitte wenden Sie sich zur Inanspruchnahme der [&hellip;]<\/p>\n","protected":false},"author":1,"featured_media":0,"parent":0,"menu_order":0,"comment_status":"closed","ping_status":"open","template":"","meta":{"_et_pb_use_builder":"on","_et_pb_old_content":"<!-- wp:heading -->\n<h2>Who we are<\/h2>\n<!-- \/wp:heading -->\n\n<!-- wp:paragraph -->\n<p><strong class=\"privacy-policy-tutorial\">Suggested text: <\/strong>Our website address is: http:\/\/box2095\/cgi\/addon_GT.cgi?s=GT::WP::Install::EIG+%28nvgowvmy%29+-+10.24.48.81+[Wordpress%3b+\/var\/hp\/common\/lib\/Wordpress.pm%3b+543%3b+Hosting::gap_call].<\/p>\n<!-- \/wp:paragraph -->\n\n<!-- wp:heading -->\n<h2>Comments<\/h2>\n<!-- \/wp:heading -->\n\n<!-- wp:paragraph -->\n<p><strong class=\"privacy-policy-tutorial\">Suggested text: <\/strong>When visitors leave comments on the site we collect the data shown in the comments form, and also the visitor\u2019s IP address and browser user agent string to help spam detection.<\/p>\n<!-- \/wp:paragraph -->\n\n<!-- wp:paragraph -->\n<p>An anonymized string created from your email address (also called a hash) may be provided to the Gravatar service to see if you are using it. The Gravatar service privacy policy is available here: https:\/\/automattic.com\/privacy\/. After approval of your comment, your profile picture is visible to the public in the context of your comment.<\/p>\n<!-- \/wp:paragraph -->\n\n<!-- wp:heading -->\n<h2>Media<\/h2>\n<!-- \/wp:heading -->\n\n<!-- wp:paragraph -->\n<p><strong class=\"privacy-policy-tutorial\">Suggested text: <\/strong>If you upload images to the website, you should avoid uploading images with embedded location data (EXIF GPS) included. Visitors to the website can download and extract any location data from images on the website.<\/p>\n<!-- \/wp:paragraph -->\n\n<!-- wp:heading -->\n<h2>Cookies<\/h2>\n<!-- \/wp:heading -->\n\n<!-- wp:paragraph -->\n<p><strong class=\"privacy-policy-tutorial\">Suggested text: <\/strong>If you leave a comment on our site you may opt-in to saving your name, email address and website in cookies. These are for your convenience so that you do not have to fill in your details again when you leave another comment. These cookies will last for one year.<\/p>\n<!-- \/wp:paragraph -->\n\n<!-- wp:paragraph -->\n<p>If you visit our login page, we will set a temporary cookie to determine if your browser accepts cookies. This cookie contains no personal data and is discarded when you close your browser.<\/p>\n<!-- \/wp:paragraph -->\n\n<!-- wp:paragraph -->\n<p>When you log in, we will also set up several cookies to save your login information and your screen display choices. Login cookies last for two days, and screen options cookies last for a year. If you select \"Remember Me\", your login will persist for two weeks. If you log out of your account, the login cookies will be removed.<\/p>\n<!-- \/wp:paragraph -->\n\n<!-- wp:paragraph -->\n<p>If you edit or publish an article, an additional cookie will be saved in your browser. This cookie includes no personal data and simply indicates the post ID of the article you just edited. It expires after 1 day.<\/p>\n<!-- \/wp:paragraph -->\n\n<!-- wp:heading -->\n<h2>Embedded content from other websites<\/h2>\n<!-- \/wp:heading -->\n\n<!-- wp:paragraph -->\n<p><strong class=\"privacy-policy-tutorial\">Suggested text: <\/strong>Articles on this site may include embedded content (e.g. videos, images, articles, etc.). Embedded content from other websites behaves in the exact same way as if the visitor has visited the other website.<\/p>\n<!-- \/wp:paragraph -->\n\n<!-- wp:paragraph -->\n<p>These websites may collect data about you, use cookies, embed additional third-party tracking, and monitor your interaction with that embedded content, including tracking your interaction with the embedded content if you have an account and are logged in to that website.<\/p>\n<!-- \/wp:paragraph -->\n\n<!-- wp:heading -->\n<h2>Who we share your data with<\/h2>\n<!-- \/wp:heading -->\n\n<!-- wp:paragraph -->\n<p><strong class=\"privacy-policy-tutorial\">Suggested text: <\/strong>If you request a password reset, your IP address will be included in the reset email.<\/p>\n<!-- \/wp:paragraph -->\n\n<!-- wp:heading -->\n<h2>How long we retain your data<\/h2>\n<!-- \/wp:heading -->\n\n<!-- wp:paragraph -->\n<p><strong class=\"privacy-policy-tutorial\">Suggested text: <\/strong>If you leave a comment, the comment and its metadata are retained indefinitely. This is so we can recognize and approve any follow-up comments automatically instead of holding them in a moderation queue.<\/p>\n<!-- \/wp:paragraph -->\n\n<!-- wp:paragraph -->\n<p>For users that register on our website (if any), we also store the personal information they provide in their user profile. All users can see, edit, or delete their personal information at any time (except they cannot change their username). Website administrators can also see and edit that information.<\/p>\n<!-- \/wp:paragraph -->\n\n<!-- wp:heading -->\n<h2>What rights you have over your data<\/h2>\n<!-- \/wp:heading -->\n\n<!-- wp:paragraph -->\n<p><strong class=\"privacy-policy-tutorial\">Suggested text: <\/strong>If you have an account on this site, or have left comments, you can request to receive an exported file of the personal data we hold about you, including any data you have provided to us. You can also request that we erase any personal data we hold about you. This does not include any data we are obliged to keep for administrative, legal, or security purposes.<\/p>\n<!-- \/wp:paragraph -->\n\n<!-- wp:heading -->\n<h2>Where we send your data<\/h2>\n<!-- \/wp:heading -->\n\n<!-- wp:paragraph -->\n<p><strong class=\"privacy-policy-tutorial\">Suggested text: <\/strong>Visitor comments may be checked through an automated spam detection service.<\/p>\n<!-- \/wp:paragraph -->","_et_gb_content_width":""},"_links":{"self":[{"href":"https:\/\/anybodygermany.org\/index.php?rest_route=\/wp\/v2\/pages\/3"}],"collection":[{"href":"https:\/\/anybodygermany.org\/index.php?rest_route=\/wp\/v2\/pages"}],"about":[{"href":"https:\/\/anybodygermany.org\/index.php?rest_route=\/wp\/v2\/types\/page"}],"author":[{"embeddable":true,"href":"https:\/\/anybodygermany.org\/index.php?rest_route=\/wp\/v2\/users\/1"}],"replies":[{"embeddable":true,"href":"https:\/\/anybodygermany.org\/index.php?rest_route=%2Fwp%2Fv2%2Fcomments&post=3"}],"version-history":[{"count":4,"href":"https:\/\/anybodygermany.org\/index.php?rest_route=\/wp\/v2\/pages\/3\/revisions"}],"predecessor-version":[{"id":568,"href":"https:\/\/anybodygermany.org\/index.php?rest_route=\/wp\/v2\/pages\/3\/revisions\/568"}],"wp:attachment":[{"href":"https:\/\/anybodygermany.org\/index.php?rest_route=%2Fwp%2Fv2%2Fmedia&parent=3"}],"curies":[{"name":"wp","href":"https:\/\/api.w.org\/{rel}","templated":true}]}}